{"id":109,"date":"2024-11-10T22:58:05","date_gmt":"2024-11-10T22:58:05","guid":{"rendered":"https:\/\/schuetzenverein-vanikum.de\/shs\/?page_id=109"},"modified":"2024-11-10T23:45:42","modified_gmt":"2024-11-10T23:45:42","slug":"schuetzenhalle-2","status":"publish","type":"page","link":"https:\/\/schuetzenverein-vanikum.de\/shs\/index.php\/schuetzenhalle-2\/","title":{"rendered":"Sch\u00fctzenhalle"},"content":{"rendered":"\t\t<div data-elementor-type=\"wp-page\" data-elementor-id=\"109\" class=\"elementor elementor-109\" data-elementor-post-type=\"page\">\n\t\t\t\t<div class=\"elementor-element elementor-element-dc3cd79 e-flex e-con-boxed e-con e-parent\" data-id=\"dc3cd79\" data-element_type=\"container\">\n\t\t\t\t\t<div class=\"e-con-inner\">\n\t\t\t\t<div class=\"elementor-element elementor-element-1a67180 elementor-widget elementor-widget-image\" data-id=\"1a67180\" data-element_type=\"widget\" data-widget_type=\"image.default\">\n\t\t\t\t<div class=\"elementor-widget-container\">\n\t\t\t\t\t\t\t\t\t\t\t\t\t<img fetchpriority=\"high\" decoding=\"async\" width=\"1024\" height=\"82\" src=\"https:\/\/schuetzenverein-vanikum.de\/shs\/wp-content\/uploads\/2024\/11\/Header1-1024x82.png\" class=\"attachment-large size-large wp-image-21\" alt=\"\" srcset=\"https:\/\/schuetzenverein-vanikum.de\/shs\/wp-content\/uploads\/2024\/11\/Header1-1024x82.png 1024w, https:\/\/schuetzenverein-vanikum.de\/shs\/wp-content\/uploads\/2024\/11\/Header1-300x24.png 300w, https:\/\/schuetzenverein-vanikum.de\/shs\/wp-content\/uploads\/2024\/11\/Header1-768x62.png 768w, https:\/\/schuetzenverein-vanikum.de\/shs\/wp-content\/uploads\/2024\/11\/Header1-1536x124.png 1536w, https:\/\/schuetzenverein-vanikum.de\/shs\/wp-content\/uploads\/2024\/11\/Header1.png 2000w\" sizes=\"(max-width: 1024px) 100vw, 1024px\" \/>\t\t\t\t\t\t\t\t\t\t\t\t\t<\/div>\n\t\t\t\t<\/div>\n\t\t\t\t<div class=\"elementor-element elementor-element-148622c elementor-nav-menu__align-center elementor-nav-menu--dropdown-tablet elementor-nav-menu__text-align-aside elementor-nav-menu--toggle elementor-nav-menu--burger elementor-widget elementor-widget-global elementor-global-131 elementor-widget-nav-menu\" data-id=\"148622c\" data-element_type=\"widget\" data-settings=\"{&quot;layout&quot;:&quot;horizontal&quot;,&quot;submenu_icon&quot;:{&quot;value&quot;:&quot;fas fa-caret-down&quot;,&quot;library&quot;:&quot;fa-solid&quot;},&quot;toggle&quot;:&quot;burger&quot;}\" data-widget_type=\"nav-menu.default\">\n\t\t\t\t<div class=\"elementor-widget-container\">\n\t\t\t\t\t\t<nav aria-label=\"Men\u00fc\" class=\"elementor-nav-menu--main elementor-nav-menu__container elementor-nav-menu--layout-horizontal e--pointer-underline e--animation-fade\">\n\t\t\t\t<ul id=\"menu-1-148622c\" class=\"elementor-nav-menu\"><li class=\"menu-item menu-item-type-post_type menu-item-object-page menu-item-home menu-item-124\"><a href=\"https:\/\/schuetzenverein-vanikum.de\/shs\/\" class=\"elementor-item\">Startseite<\/a><\/li>\n<li class=\"menu-item menu-item-type-post_type menu-item-object-page menu-item-has-children menu-item-123\"><a href=\"https:\/\/schuetzenverein-vanikum.de\/shs\/index.php\/unser-verein\/\" class=\"elementor-item\">Unser Verein<\/a>\n<ul class=\"sub-menu elementor-nav-menu--dropdown\">\n\t<li class=\"menu-item menu-item-type-custom menu-item-object-custom menu-item-225\"><a href=\"https:\/\/schuetzenverein-vanikum.de\/shs\/index.php\/unser-verein\/\" class=\"elementor-sub-item\">Vereinsgeschichte<\/a><\/li>\n<\/ul>\n<\/li>\n<li class=\"menu-item menu-item-type-post_type menu-item-object-page menu-item-has-children menu-item-121\"><a href=\"https:\/\/schuetzenverein-vanikum.de\/shs\/index.php\/schuetzenhalle-2\/\" class=\"elementor-item\">Sch\u00fctzenhalle<\/a>\n<ul class=\"sub-menu elementor-nav-menu--dropdown\">\n\t<li class=\"menu-item menu-item-type-custom menu-item-object-custom menu-item-226\"><a href=\"https:\/\/schuetzenverein-vanikum.de\/shs\/index.php\/schuetzenhalle-2\/\" class=\"elementor-sub-item\">Vermiezung  Sch\u00fctzenhalle<\/a><\/li>\n\t<li class=\"menu-item menu-item-type-post_type menu-item-object-page menu-item-122\"><a href=\"https:\/\/schuetzenverein-vanikum.de\/shs\/index.php\/schuetzenhalle\/\" class=\"elementor-sub-item\">Chronik der Sch\u00fctzenhalle<\/a><\/li>\n<\/ul>\n<\/li>\n<\/ul>\t\t\t<\/nav>\n\t\t\t\t\t<div class=\"elementor-menu-toggle\" role=\"button\" tabindex=\"0\" aria-label=\"Men\u00fc Umschalter\" aria-expanded=\"false\">\n\t\t\t<svg aria-hidden=\"true\" role=\"presentation\" class=\"elementor-menu-toggle__icon--open e-font-icon-svg e-eicon-menu-bar\" viewBox=\"0 0 1000 1000\" xmlns=\"http:\/\/www.w3.org\/2000\/svg\"><path d=\"M104 333H896C929 333 958 304 958 271S929 208 896 208H104C71 208 42 237 42 271S71 333 104 333ZM104 583H896C929 583 958 554 958 521S929 458 896 458H104C71 458 42 487 42 521S71 583 104 583ZM104 833H896C929 833 958 804 958 771S929 708 896 708H104C71 708 42 737 42 771S71 833 104 833Z\"><\/path><\/svg><svg aria-hidden=\"true\" role=\"presentation\" class=\"elementor-menu-toggle__icon--close e-font-icon-svg e-eicon-close\" viewBox=\"0 0 1000 1000\" xmlns=\"http:\/\/www.w3.org\/2000\/svg\"><path d=\"M742 167L500 408 258 167C246 154 233 150 217 150 196 150 179 158 167 167 154 179 150 196 150 212 150 229 154 242 171 254L408 500 167 742C138 771 138 800 167 829 196 858 225 858 254 829L496 587 738 829C750 842 767 846 783 846 800 846 817 842 829 829 842 817 846 804 846 783 846 767 842 750 829 737L588 500 833 258C863 229 863 200 833 171 804 137 775 137 742 167Z\"><\/path><\/svg>\t\t\t<span class=\"elementor-screen-only\">Men\u00fc<\/span>\n\t\t<\/div>\n\t\t\t\t\t<nav class=\"elementor-nav-menu--dropdown elementor-nav-menu__container\" aria-hidden=\"true\">\n\t\t\t\t<ul id=\"menu-2-148622c\" class=\"elementor-nav-menu\"><li class=\"menu-item menu-item-type-post_type menu-item-object-page menu-item-home menu-item-124\"><a href=\"https:\/\/schuetzenverein-vanikum.de\/shs\/\" class=\"elementor-item\" tabindex=\"-1\">Startseite<\/a><\/li>\n<li class=\"menu-item menu-item-type-post_type menu-item-object-page menu-item-has-children menu-item-123\"><a href=\"https:\/\/schuetzenverein-vanikum.de\/shs\/index.php\/unser-verein\/\" class=\"elementor-item\" tabindex=\"-1\">Unser Verein<\/a>\n<ul class=\"sub-menu elementor-nav-menu--dropdown\">\n\t<li class=\"menu-item menu-item-type-custom menu-item-object-custom menu-item-225\"><a href=\"https:\/\/schuetzenverein-vanikum.de\/shs\/index.php\/unser-verein\/\" class=\"elementor-sub-item\" tabindex=\"-1\">Vereinsgeschichte<\/a><\/li>\n<\/ul>\n<\/li>\n<li class=\"menu-item menu-item-type-post_type menu-item-object-page menu-item-has-children menu-item-121\"><a href=\"https:\/\/schuetzenverein-vanikum.de\/shs\/index.php\/schuetzenhalle-2\/\" class=\"elementor-item\" tabindex=\"-1\">Sch\u00fctzenhalle<\/a>\n<ul class=\"sub-menu elementor-nav-menu--dropdown\">\n\t<li class=\"menu-item menu-item-type-custom menu-item-object-custom menu-item-226\"><a href=\"https:\/\/schuetzenverein-vanikum.de\/shs\/index.php\/schuetzenhalle-2\/\" class=\"elementor-sub-item\" tabindex=\"-1\">Vermiezung  Sch\u00fctzenhalle<\/a><\/li>\n\t<li class=\"menu-item menu-item-type-post_type menu-item-object-page menu-item-122\"><a href=\"https:\/\/schuetzenverein-vanikum.de\/shs\/index.php\/schuetzenhalle\/\" class=\"elementor-sub-item\" tabindex=\"-1\">Chronik der Sch\u00fctzenhalle<\/a><\/li>\n<\/ul>\n<\/li>\n<\/ul>\t\t\t<\/nav>\n\t\t\t\t<\/div>\n\t\t\t\t<\/div>\n\t\t\t\t\t<\/div>\n\t\t\t\t<\/div>\n\t\t<div class=\"elementor-element elementor-element-27d0b05 e-flex e-con-boxed e-con e-parent\" data-id=\"27d0b05\" data-element_type=\"container\">\n\t\t\t\t\t<div class=\"e-con-inner\">\n\t\t<div class=\"elementor-element elementor-element-93e05ca e-con-full e-flex e-con e-child\" data-id=\"93e05ca\" data-element_type=\"container\">\n\t\t\t\t<div class=\"elementor-element elementor-element-b0e272d elementor-widget elementor-widget-text-editor\" data-id=\"b0e272d\" data-element_type=\"widget\" data-widget_type=\"text-editor.default\">\n\t\t\t\t<div class=\"elementor-widget-container\">\n\t\t\t\t\t\t\t<p><strong>Feiern im Sch\u00fctzenheim des St. Hubertus Sch\u00fctzenverein 1893 Vanikum e.V.<\/strong><\/p><p>Sie suchen eine passende Location f\u00fcr Ihren Geburtstag, ein Jubil\u00e4um, eine Verlobung, Hochzeit oder ein anderes Fest, das Sie mit Familie und Freunden feiern m\u00f6chten? In unserem gem\u00fctlichen Sch\u00fctzenheim haben Sie die perfekte M\u00f6glichkeit dazu!<\/p><p>Unser Sch\u00fctzenheim bietet Ihnen alles, was Sie f\u00fcr eine gelungene Feier ben\u00f6tigen:<\/p><ul><li><strong>Platz f\u00fcr bis zu 120 Personen<\/strong> \u2013 genug Raum f\u00fcr Sie und Ihre G\u00e4ste.<\/li><li><strong>Professionelle Thekenanlage<\/strong> \u2013 f\u00fcr ein reibungsloses Ausschank-Erlebnis.<\/li><li><strong>K\u00fchlraum<\/strong> \u2013 ideal f\u00fcr die Lagerung von Getr\u00e4nken und Lebensmitteln.<\/li><li><strong>K\u00fcche mit Industriesp\u00fclmaschine<\/strong> \u2013 erleichtert die Vorbereitungen und das Aufr\u00e4umen.<\/li><li><strong>Barrierefreie Toilette<\/strong> \u2013 damit sich alle G\u00e4ste wohlf\u00fchlen.<\/li><\/ul><p><strong>Anfragen und Buchungen:<\/strong><\/p><p>F\u00fcr Fragen zur Vermietung und zur Verf\u00fcgbarkeit des Sch\u00fctzenheims wenden Sie sich bitte an:<\/p><h3 style=\"text-align: center;\">Dieter Recklebe<br \/>Mobil: 0177 4648336<br \/>E-Mail: recklebe-dieter@web.de<\/h3><p><strong>St. Hubertus Sch\u00fctzenverein 1893 Vanikum e.V.<\/strong> \u2013 Feiern Sie bei uns und schaffen Sie unvergessliche Erinnerungen in einem einzigartigen Ambiente!<\/p>\t\t\t\t\t\t<\/div>\n\t\t\t\t<\/div>\n\t\t<div class=\"elementor-element elementor-element-54e9c44 e-con-full e-flex e-con e-child\" data-id=\"54e9c44\" data-element_type=\"container\">\n\t\t\t\t<div class=\"elementor-element elementor-element-92b882e elementor-arrows-position-inside elementor-pagination-position-outside elementor-widget elementor-widget-image-carousel\" data-id=\"92b882e\" data-element_type=\"widget\" data-settings=\"{&quot;slides_to_show&quot;:&quot;2&quot;,&quot;navigation&quot;:&quot;both&quot;,&quot;autoplay&quot;:&quot;yes&quot;,&quot;pause_on_hover&quot;:&quot;yes&quot;,&quot;pause_on_interaction&quot;:&quot;yes&quot;,&quot;autoplay_speed&quot;:5000,&quot;infinite&quot;:&quot;yes&quot;,&quot;speed&quot;:500}\" data-widget_type=\"image-carousel.default\">\n\t\t\t\t<div class=\"elementor-widget-container\">\n\t\t\t\t\t<div class=\"elementor-image-carousel-wrapper swiper\" dir=\"ltr\">\n\t\t\t<div class=\"elementor-image-carousel swiper-wrapper\" aria-live=\"off\">\n\t\t\t\t\t\t\t\t<div class=\"swiper-slide\" role=\"group\" aria-roledescription=\"slide\" aria-label=\"1 von 2\"><a data-elementor-open-lightbox=\"yes\" data-elementor-lightbox-slideshow=\"92b882e\" data-elementor-lightbox-title=\"6\" data-e-action-hash=\"#elementor-action%3Aaction%3Dlightbox%26settings%3DeyJpZCI6MTY4LCJ1cmwiOiJodHRwczpcL1wvc2NodWV0emVudmVyZWluLXZhbmlrdW0uZGVcL3Noc1wvd3AtY29udGVudFwvdXBsb2Fkc1wvMjAyNFwvMTFcLzYuanBnIiwic2xpZGVzaG93IjoiOTJiODgyZSJ9\" href=\"https:\/\/schuetzenverein-vanikum.de\/shs\/wp-content\/uploads\/2024\/11\/6.jpg\"><figure class=\"swiper-slide-inner\"><img decoding=\"async\" class=\"swiper-slide-image\" src=\"https:\/\/schuetzenverein-vanikum.de\/shs\/wp-content\/uploads\/2024\/11\/6.jpg\" alt=\"6\" \/><\/figure><\/a><\/div><div class=\"swiper-slide\" role=\"group\" aria-roledescription=\"slide\" aria-label=\"2 von 2\"><a data-elementor-open-lightbox=\"yes\" data-elementor-lightbox-slideshow=\"92b882e\" data-elementor-lightbox-title=\"5\" data-e-action-hash=\"#elementor-action%3Aaction%3Dlightbox%26settings%3DeyJpZCI6MTY5LCJ1cmwiOiJodHRwczpcL1wvc2NodWV0emVudmVyZWluLXZhbmlrdW0uZGVcL3Noc1wvd3AtY29udGVudFwvdXBsb2Fkc1wvMjAyNFwvMTFcLzUtMS5qcGciLCJzbGlkZXNob3ciOiI5MmI4ODJlIn0%3D\" href=\"https:\/\/schuetzenverein-vanikum.de\/shs\/wp-content\/uploads\/2024\/11\/5-1.jpg\"><figure class=\"swiper-slide-inner\"><img decoding=\"async\" class=\"swiper-slide-image\" src=\"https:\/\/schuetzenverein-vanikum.de\/shs\/wp-content\/uploads\/2024\/11\/5-1.jpg\" alt=\"5\" \/><\/figure><\/a><\/div>\t\t\t<\/div>\n\t\t\t\t\t\t\t\t\t\t\t\t<div class=\"elementor-swiper-button elementor-swiper-button-prev\" role=\"button\" tabindex=\"0\">\n\t\t\t\t\t\t<svg aria-hidden=\"true\" class=\"e-font-icon-svg e-eicon-chevron-left\" viewBox=\"0 0 1000 1000\" xmlns=\"http:\/\/www.w3.org\/2000\/svg\"><path d=\"M646 125C629 125 613 133 604 142L308 442C296 454 292 471 292 487 292 504 296 521 308 533L604 854C617 867 629 875 646 875 663 875 679 871 692 858 704 846 713 829 713 812 713 796 708 779 692 767L438 487 692 225C700 217 708 204 708 187 708 171 704 154 692 142 675 129 663 125 646 125Z\"><\/path><\/svg>\t\t\t\t\t<\/div>\n\t\t\t\t\t<div class=\"elementor-swiper-button elementor-swiper-button-next\" role=\"button\" tabindex=\"0\">\n\t\t\t\t\t\t<svg aria-hidden=\"true\" class=\"e-font-icon-svg e-eicon-chevron-right\" viewBox=\"0 0 1000 1000\" xmlns=\"http:\/\/www.w3.org\/2000\/svg\"><path d=\"M696 533C708 521 713 504 713 487 713 471 708 454 696 446L400 146C388 133 375 125 354 125 338 125 325 129 313 142 300 154 292 171 292 187 292 204 296 221 308 233L563 492 304 771C292 783 288 800 288 817 288 833 296 850 308 863 321 871 338 875 354 875 371 875 388 867 400 854L696 533Z\"><\/path><\/svg>\t\t\t\t\t<\/div>\n\t\t\t\t\n\t\t\t\t\t\t\t\t\t<div class=\"swiper-pagination\"><\/div>\n\t\t\t\t\t\t\t\t\t<\/div>\n\t\t\t\t<\/div>\n\t\t\t\t<\/div>\n\t\t\t\t<\/div>\n\t\t\t\t<\/div>\n\t\t<div class=\"elementor-element elementor-element-094b117 e-con-full e-flex e-con e-child\" data-id=\"094b117\" data-element_type=\"container\">\n\t\t<div class=\"elementor-element elementor-element-fa9ef0c e-con-full e-flex e-con e-child\" data-id=\"fa9ef0c\" data-element_type=\"container\">\n\t\t\t\t<div class=\"elementor-element elementor-element-d0991b3 elementor-widget elementor-widget-image\" data-id=\"d0991b3\" data-element_type=\"widget\" data-widget_type=\"image.default\">\n\t\t\t\t<div class=\"elementor-widget-container\">\n\t\t\t\t\t\t\t\t\t\t\t\t\t<img decoding=\"async\" width=\"631\" height=\"510\" src=\"https:\/\/schuetzenverein-vanikum.de\/shs\/wp-content\/uploads\/2024\/11\/3-1.jpg\" class=\"attachment-large size-large wp-image-163\" alt=\"\" srcset=\"https:\/\/schuetzenverein-vanikum.de\/shs\/wp-content\/uploads\/2024\/11\/3-1.jpg 631w, https:\/\/schuetzenverein-vanikum.de\/shs\/wp-content\/uploads\/2024\/11\/3-1-300x242.jpg 300w\" sizes=\"(max-width: 631px) 100vw, 631px\" \/>\t\t\t\t\t\t\t\t\t\t\t\t\t<\/div>\n\t\t\t\t<\/div>\n\t\t\t\t<\/div>\n\t\t<div class=\"elementor-element elementor-element-e8728a3 e-con-full e-flex e-con e-child\" data-id=\"e8728a3\" data-element_type=\"container\">\n\t\t\t\t<div class=\"elementor-element elementor-element-3bcf350 elementor-widget elementor-widget-image\" data-id=\"3bcf350\" data-element_type=\"widget\" data-widget_type=\"image.default\">\n\t\t\t\t<div class=\"elementor-widget-container\">\n\t\t\t\t\t\t\t\t\t\t\t\t\t<img decoding=\"async\" width=\"627\" height=\"492\" src=\"https:\/\/schuetzenverein-vanikum.de\/shs\/wp-content\/uploads\/2024\/11\/2.jpg\" class=\"attachment-large size-large wp-image-162\" alt=\"\" srcset=\"https:\/\/schuetzenverein-vanikum.de\/shs\/wp-content\/uploads\/2024\/11\/2.jpg 627w, https:\/\/schuetzenverein-vanikum.de\/shs\/wp-content\/uploads\/2024\/11\/2-300x235.jpg 300w\" sizes=\"(max-width: 627px) 100vw, 627px\" \/>\t\t\t\t\t\t\t\t\t\t\t\t\t<\/div>\n\t\t\t\t<\/div>\n\t\t\t\t<\/div>\n\t\t\t\t<\/div>\n\t\t\t\t\t<\/div>\n\t\t\t\t<\/div>\n\t\t\t\t<\/div>\n\t\t","protected":false},"excerpt":{"rendered":"<p>Feiern im Sch\u00fctzenheim des St. Hubertus Sch\u00fctzenverein 1893 Vanikum e.V. Sie suchen eine passende Location f\u00fcr Ihren Geburtstag, ein Jubil\u00e4um, eine Verlobung, Hochzeit oder ein anderes Fest, das Sie mit Familie und Freunden feiern m\u00f6chten? In unserem gem\u00fctlichen Sch\u00fctzenheim haben Sie die perfekte M\u00f6glichkeit dazu! Unser Sch\u00fctzenheim bietet Ihnen alles, was Sie f\u00fcr eine gelungene [&hellip;]<\/p>\n","protected":false},"author":1,"featured_media":0,"parent":0,"menu_order":0,"comment_status":"closed","ping_status":"closed","template":"elementor_canvas","meta":{"ocean_post_layout":"","ocean_both_sidebars_style":"","ocean_both_sidebars_content_width":0,"ocean_both_sidebars_sidebars_width":0,"ocean_sidebar":"","ocean_second_sidebar":"","ocean_disable_margins":"enable","ocean_add_body_class":"","ocean_shortcode_before_top_bar":"","ocean_shortcode_after_top_bar":"","ocean_shortcode_before_header":"","ocean_shortcode_after_header":"","ocean_has_shortcode":"","ocean_shortcode_after_title":"","ocean_shortcode_before_footer_widgets":"","ocean_shortcode_after_footer_widgets":"","ocean_shortcode_before_footer_bottom":"","ocean_shortcode_after_footer_bottom":"","ocean_display_top_bar":"off","ocean_display_header":"off","ocean_header_style":"","ocean_center_header_left_menu":"","ocean_custom_header_template":"","ocean_custom_logo":0,"ocean_custom_retina_logo":0,"ocean_custom_logo_max_width":0,"ocean_custom_logo_tablet_max_width":0,"ocean_custom_logo_mobile_max_width":0,"ocean_custom_logo_max_height":0,"ocean_custom_logo_tablet_max_height":0,"ocean_custom_logo_mobile_max_height":0,"ocean_header_custom_menu":"","ocean_menu_typo_font_family":"","ocean_menu_typo_font_subset":"","ocean_menu_typo_font_size":0,"ocean_menu_typo_font_size_tablet":0,"ocean_menu_typo_font_size_mobile":0,"ocean_menu_typo_font_size_unit":"px","ocean_menu_typo_font_weight":"","ocean_menu_typo_font_weight_tablet":"","ocean_menu_typo_font_weight_mobile":"","ocean_menu_typo_transform":"","ocean_menu_typo_transform_tablet":"","ocean_menu_typo_transform_mobile":"","ocean_menu_typo_line_height":0,"ocean_menu_typo_line_height_tablet":0,"ocean_menu_typo_line_height_mobile":0,"ocean_menu_typo_line_height_unit":"","ocean_menu_typo_spacing":0,"ocean_menu_typo_spacing_tablet":0,"ocean_menu_typo_spacing_mobile":0,"ocean_menu_typo_spacing_unit":"","ocean_menu_link_color":"","ocean_menu_link_color_hover":"","ocean_menu_link_color_active":"","ocean_menu_link_background":"","ocean_menu_link_hover_background":"","ocean_menu_link_active_background":"","ocean_menu_social_links_bg":"","ocean_menu_social_hover_links_bg":"","ocean_menu_social_links_color":"","ocean_menu_social_hover_links_color":"","ocean_disable_title":"on","ocean_disable_heading":"default","ocean_post_title":"","ocean_post_subheading":"","ocean_post_title_style":"","ocean_post_title_background_color":"","ocean_post_title_background":0,"ocean_post_title_bg_image_position":"","ocean_post_title_bg_image_attachment":"","ocean_post_title_bg_image_repeat":"","ocean_post_title_bg_image_size":"","ocean_post_title_height":0,"ocean_post_title_bg_overlay":0.5,"ocean_post_title_bg_overlay_color":"","ocean_disable_breadcrumbs":"default","ocean_breadcrumbs_color":"","ocean_breadcrumbs_separator_color":"","ocean_breadcrumbs_links_color":"","ocean_breadcrumbs_links_hover_color":"","ocean_display_footer_widgets":"default","ocean_display_footer_bottom":"default","ocean_custom_footer_template":"","footnotes":""},"class_list":["post-109","page","type-page","status-publish","hentry","entry"],"_links":{"self":[{"href":"https:\/\/schuetzenverein-vanikum.de\/shs\/index.php\/wp-json\/wp\/v2\/pages\/109","targetHints":{"allow":["GET"]}}],"collection":[{"href":"https:\/\/schuetzenverein-vanikum.de\/shs\/index.php\/wp-json\/wp\/v2\/pages"}],"about":[{"href":"https:\/\/schuetzenverein-vanikum.de\/shs\/index.php\/wp-json\/wp\/v2\/types\/page"}],"author":[{"embeddable":true,"href":"https:\/\/schuetzenverein-vanikum.de\/shs\/index.php\/wp-json\/wp\/v2\/users\/1"}],"replies":[{"embeddable":true,"href":"https:\/\/schuetzenverein-vanikum.de\/shs\/index.php\/wp-json\/wp\/v2\/comments?post=109"}],"version-history":[{"count":22,"href":"https:\/\/schuetzenverein-vanikum.de\/shs\/index.php\/wp-json\/wp\/v2\/pages\/109\/revisions"}],"predecessor-version":[{"id":172,"href":"https:\/\/schuetzenverein-vanikum.de\/shs\/index.php\/wp-json\/wp\/v2\/pages\/109\/revisions\/172"}],"wp:attachment":[{"href":"https:\/\/schuetzenverein-vanikum.de\/shs\/index.php\/wp-json\/wp\/v2\/media?parent=109"}],"curies":[{"name":"wp","href":"https:\/\/api.w.org\/{rel}","templated":true}]}}